{"id":31,"date":"2018-10-05T23:12:40","date_gmt":"2018-10-05T21:12:40","guid":{"rendered":"https:\/\/shtyag.podcaster.de\/podcasts\/autismus-podcast\/"},"modified":"2025-03-14T10:24:20","modified_gmt":"2025-03-14T09:24:20","slug":"autismus-podcast","status":"publish","type":"page","link":"https:\/\/autismus.podcaster.ch\/index.php\/podcasts\/autismus-podcast\/","title":{"rendered":"Autismus der Podcast"},"content":{"rendered":"<p>Ein Podcast rund um die vielseitigen Themengebieten des Autismus Spektrums.<br \/>\nEntdecke die Seiten des Autismus, welche seltsam erscheinen m\u00f6gen und doch so spannend wie auch unterhaltsam sind.<\/p>\n<p>&#8211; Verstehen sowie Verst\u00e4ndnis schaffen<br \/>\n&#8211; Respektieren und Anerkennung<br \/>\n&#8211; F\u00f6rdern und st\u00e4rken<\/p>\n<p>Tanja Jael widmet sich diesen Themen ausgiebig und voller Leidenschaft.<\/p>\n<p>Music from https:\/\/filmmusic.io<br \/>\n&#8222;As I Figure&#8220; by Kevin MacLeod (https:\/\/incompetech.com)<br \/>\nLicense: CC BY (http:\/\/creativecommons.org\/licenses\/by\/4.0\/)<\/p>\n","protected":false},"excerpt":{"rendered":"<p>Ein Podcast rund um die vielseitigen Themengebieten des Autismus Spektrums. Entdecke die Seiten des Autismus, welche seltsam erscheinen m\u00f6gen und doch so spannend wie auch unterhaltsam sind. &#8211; Verstehen sowie Verst\u00e4ndnis schaffen &#8211; Respektieren und Anerkennung &#8211; F\u00f6rdern und st\u00e4rken Tanja Jael widmet sich diesen Themen ausgiebig und voller Leidenschaft. Music from https:\/\/filmmusic.io &#8222;As I &hellip; <a href=\"https:\/\/autismus.podcaster.ch\/index.php\/podcasts\/autismus-podcast\/\" class=\"more-link\"><span class=\"screen-reader-text\">Autismus der Podcast<\/span> weiterlesen <span class=\"meta-nav\">&rarr;<\/span><\/a><\/p>\n","protected":false},"author":0,"featured_media":0,"parent":30,"menu_order":0,"comment_status":"closed","ping_status":"closed","template":"podcast.php","meta":{"enclosure":"","podcast_author":"","podcast_copyright":"","podcast_website":"","podcast_logo":"","footnotes":""},"class_list":["post-31","page","type-page","status-publish","hentry"],"jetpack_sharing_enabled":true,"jetpack_shortlink":"https:\/\/wp.me\/PabxYW-v","jetpack-related-posts":[],"_links":{"self":[{"href":"https:\/\/autismus.podcaster.ch\/index.php\/wp-json\/wp\/v2\/pages\/31","targetHints":{"allow":["GET"]}}],"collection":[{"href":"https:\/\/autismus.podcaster.ch\/index.php\/wp-json\/wp\/v2\/pages"}],"about":[{"href":"https:\/\/autismus.podcaster.ch\/index.php\/wp-json\/wp\/v2\/types\/page"}],"replies":[{"embeddable":true,"href":"https:\/\/autismus.podcaster.ch\/index.php\/wp-json\/wp\/v2\/comments?post=31"}],"version-history":[{"count":1,"href":"https:\/\/autismus.podcaster.ch\/index.php\/wp-json\/wp\/v2\/pages\/31\/revisions"}],"predecessor-version":[{"id":294,"href":"https:\/\/autismus.podcaster.ch\/index.php\/wp-json\/wp\/v2\/pages\/31\/revisions\/294"}],"up":[{"embeddable":true,"href":"https:\/\/autismus.podcaster.ch\/index.php\/wp-json\/wp\/v2\/pages\/30"}],"wp:attachment":[{"href":"https:\/\/autismus.podcaster.ch\/index.php\/wp-json\/wp\/v2\/media?parent=31"}],"curies":[{"name":"wp","href":"https:\/\/api.w.org\/{rel}","templated":true}]}}